{"id":371,"date":"2021-05-27T15:12:27","date_gmt":"2021-05-27T15:12:27","guid":{"rendered":"https:\/\/onwaycr.com\/?page_id=371"},"modified":"2021-05-28T00:53:50","modified_gmt":"2021-05-28T00:53:50","slug":"nutricion","status":"publish","type":"page","link":"https:\/\/onwaycr.com\/?page_id=371","title":{"rendered":"Nutrici\u00f3n"},"content":{"rendered":"<section class=\"gutentor-section gutentor-blog-post-wrapper blog-template1  has-color-bg has-custom-bg\" id=\"section-61d23e47-042e-48d0-89d9-4b836280b5de\" >\n<div class='grid-container'><div class=\"gutentor-block-header\"><div class=\"gutentor-section-title  seperator-bottom text-center \"  >\n<h2 class=\"gutentor-title\">\nNuestro Blog de Nutrici\u00f3n<\/h2>\n<\/div>\n<\/div><div class='gutentor-grid-item-wrap '  ><div class='grid-row ' ><article class='gutentor-post-no-thumb  grid-lg-4 grid-md-4 grid-12 blog-grid'><div class=\"gutentor-single-item\"><div class=\"gutentor-single-item-image-box\"><\/div><div class=\"gutentor-post-content\"><h3 class=\"gutentor-single-item-title\"><a href=\"https:\/\/onwaycr.com\/?p=393\" rel=\"bookmark\">Prueba nutrici\u00f3n<\/a><\/h3><div class=\"entry-meta\"><div class=\"posted-on\"><i class=\"far fa-calendar-alt\"><\/i><a href=\"https:\/\/onwaycr.com\/?p=393\" rel=\"bookmark\">May 28, 2021<\/a><\/div><div class=\"cat-links\"><i class=\"fas fa-tags\"><\/i><a href=\"https:\/\/onwaycr.com\/?cat=6\" rel=\"category\">Nutrici\u00f3n<\/a><\/div><\/div><div class=\"gutentor-post-excerpt gutentor-single-item-desc\"><p class='gutentor-single-item-desc'>\u00f1lksjdf\u00f1oifaje\u00f1oijfa\u00f1lskje f\n\n\n\n\n\n\n\n\n\n\n\n\n\n\n\nalsiejfo\u00f1aijse foaije fija \u00f1eis&#8230;<\/p><\/div><a class=\"gutentor-button gutentor-single-item-button gutentor-icon-hide\"  href=\"https:\/\/onwaycr.com\/?p=393\" rel=\"noopener noreferrer\"  href=\"https:\/\/onwaycr.com\/?p=393\" rel=\"noopener noreferrer\" ><i class=\"gutentor-button-icon fas fa-book\" ><\/i><span>Read More<\/span><\/a><\/div><\/div><\/article><\/div><\/div><\/div><\/section>","protected":false},"excerpt":{"rendered":"","protected":false},"author":1,"featured_media":0,"parent":0,"menu_order":0,"comment_status":"closed","ping_status":"closed","template":"","meta":{"spay_email":""},"_links":{"self":[{"href":"https:\/\/onwaycr.com\/index.php?rest_route=\/wp\/v2\/pages\/371"}],"collection":[{"href":"https:\/\/onwaycr.com\/index.php?rest_route=\/wp\/v2\/pages"}],"about":[{"href":"https:\/\/onwaycr.com\/index.php?rest_route=\/wp\/v2\/types\/page"}],"author":[{"embeddable":true,"href":"https:\/\/onwaycr.com\/index.php?rest_route=\/wp\/v2\/users\/1"}],"replies":[{"embeddable":true,"href":"https:\/\/onwaycr.com\/index.php?rest_route=%2Fwp%2Fv2%2Fcomments&post=371"}],"version-history":[{"count":2,"href":"https:\/\/onwaycr.com\/index.php?rest_route=\/wp\/v2\/pages\/371\/revisions"}],"predecessor-version":[{"id":383,"href":"https:\/\/onwaycr.com\/index.php?rest_route=\/wp\/v2\/pages\/371\/revisions\/383"}],"wp:attachment":[{"href":"https:\/\/onwaycr.com\/index.php?rest_route=%2Fwp%2Fv2%2Fmedia&parent=371"}],"curies":[{"name":"wp","href":"https:\/\/api.w.org\/{rel}","templated":true}]}}