{"id":21,"date":"2020-10-06T22:58:32","date_gmt":"2020-10-06T22:58:32","guid":{"rendered":"http:\/\/onwaycr.com\/?page_id=21"},"modified":"2021-02-02T04:08:23","modified_gmt":"2021-02-02T04:08:23","slug":"nosotros","status":"publish","type":"page","link":"https:\/\/onwaycr.com\/?page_id=21","title":{"rendered":"Nosotros"},"content":{"rendered":"\n<div style=\"height:100px\" aria-hidden=\"true\" class=\"wp-block-spacer\"><\/div>\n\n\n\n<div id=\"section-g6a8755\" class=\"wp-block-gutentor-e0 section-g6a8755 gutentor-element gutentor-element-advanced-text text-align-center-desktop text-align-center-mobile\"><div class=\"gutentor-text-wrap\"><h1 class=\"gutentor-text\">\u00bfQu\u00e9 nos hace diferentes?<\/h1><\/div><\/div>\n\n\n\n<div id=\"section-ga99ac8\" class=\"wp-block-gutentor-e0 section-ga99ac8 gutentor-element gutentor-element-advanced-text text-align-center-desktop text-align-center-mobile\"><div class=\"gutentor-text-wrap\"><h5 class=\"gutentor-text\">Nuestro entrenamiento utiliza una metodolog\u00eda especializada y estructurada con fundamentos cient\u00edficos, logrando:<\/h5><\/div><\/div>\n\n\n\n<section id=\"gmbfe9746\" class=\"wp-block-gutentor-m2 section-gmbfe9746 gutentor-module gutentor-dynamic-columns wow slideInDown gutentor-equal-column-height\" data-wow-animation=\"slideInDown\" data-wow-delay=\"\" data-wow-speed=\"\" data-wow-iteration=\"1\"><div class=\"grid-container\"><div class=\"grid-row\">\n<div id=\"col-gm883272\" class=\"wp-block-gutentor-m2-col col-gm883272 gutentor-module gutentor-dynamic-single-column grid-lg-4 grid-md-4 grid-12\"><div id=\"section-gm883272\" class=\"section-gm883272 gutentor-single-col\">\n<section id=\"gmbbddad5\" class=\"wp-block-gutentor-m4 section-gmbbddad5 gutentor-module gutentor-advanced-columns\"><div class=\"grid-container gutentor-rm-ct-space\"><div class=\"grid-row\">\n<div id=\"col-gmb9bca3\" class=\"wp-block-gutentor-m4-col col-gmb9bca3 gutentor-single-column  grid-lg-4 grid-md-4 grid-4\"><div id=\"section-gmb9bca3\" class=\"section-gmb9bca3 gutentor-col-wrap\">\n<div id=\"section-g76f93b\" class=\"wp-block-gutentor-e5 section-g76f93b gutentor-element gutentor-element-icon gutentor-icon-default gutentor-enabled-width text-align-center-mobile\"><div class=\"gutentor-element-icon-box\"><i class=\"fas fa-dumbbell\"><\/i><\/div><\/div>\n<\/div><\/div>\n\n\n\n<div id=\"col-gm9e5914\" class=\"wp-block-gutentor-m4-col col-gm9e5914 gutentor-single-column  grid-lg-8 grid-md-8 grid-8\"><div id=\"section-gm9e5914\" class=\"section-gm9e5914 gutentor-col-wrap\">\n<div id=\"section-gc15180\" class=\"wp-block-gutentor-e0 section-gc15180 gutentor-element gutentor-element-advanced-text\"><div class=\"gutentor-text-wrap\"><h3 class=\"gutentor-text\"><br>Mayores Resultados<\/h3><\/div><\/div>\n\n\n\n<div id=\"section-gce865e\" class=\"wp-block-gutentor-e0 section-gce865e gutentor-element gutentor-element-advanced-text\"><div class=\"gutentor-text-wrap\"><p class=\"gutentor-text\"><\/p><\/div><\/div>\n<\/div><\/div>\n<\/div><\/div><\/section>\n<\/div><\/div>\n\n\n\n<div id=\"col-gm0af083\" class=\"wp-block-gutentor-m2-col col-gm0af083 gutentor-module gutentor-dynamic-single-column grid-lg-4 grid-md-4 grid-12\"><div id=\"section-gm0af083\" class=\"section-gm0af083 gutentor-single-col\">\n<section id=\"gm02930ac\" class=\"wp-block-gutentor-m4 section-gm02930ac gutentor-module gutentor-advanced-columns\"><div class=\"grid-container gutentor-rm-ct-space\"><div class=\"grid-row\">\n<div id=\"col-gmcd959f\" class=\"wp-block-gutentor-m4-col col-gmcd959f gutentor-single-column  grid-lg-4 grid-md-4 grid-4\"><div id=\"section-gmcd959f\" class=\"section-gmcd959f gutentor-col-wrap\">\n<div id=\"section-ga6bb2f\" class=\"wp-block-gutentor-e5 section-ga6bb2f gutentor-element gutentor-element-icon gutentor-icon-default gutentor-enabled-width text-align-center-mobile\"><div class=\"gutentor-element-icon-box\"><i class=\"fas fa-star\"><\/i><\/div><\/div>\n<\/div><\/div>\n\n\n\n<div id=\"col-gmba08cb\" class=\"wp-block-gutentor-m4-col col-gmba08cb gutentor-single-column  grid-lg-8 grid-md-8 grid-8\"><div id=\"section-gmba08cb\" class=\"section-gmba08cb gutentor-col-wrap\">\n<div id=\"section-g3c0663\" class=\"wp-block-gutentor-e0 section-g3c0663 gutentor-element gutentor-element-advanced-text\"><div class=\"gutentor-text-wrap\"><h3 class=\"gutentor-text\"><br>Mejor servicio y orden en cada clase<\/h3><\/div><\/div>\n\n\n\n<div id=\"section-g33a0e0\" class=\"wp-block-gutentor-e0 section-g33a0e0 gutentor-element gutentor-element-advanced-text\"><div class=\"gutentor-text-wrap\"><p class=\"gutentor-text\"><\/p><\/div><\/div>\n<\/div><\/div>\n<\/div><\/div><\/section>\n<\/div><\/div>\n\n\n\n<div id=\"col-gm5ba2e4\" class=\"wp-block-gutentor-m2-col col-gm5ba2e4 gutentor-module gutentor-dynamic-single-column grid-lg-4 grid-md-4 grid-12\"><div id=\"section-gm5ba2e4\" class=\"section-gm5ba2e4 gutentor-single-col\">\n<section id=\"gmf87d8d7\" class=\"wp-block-gutentor-m4 section-gmf87d8d7 gutentor-module gutentor-advanced-columns\"><div class=\"grid-container gutentor-rm-ct-space\"><div class=\"grid-row\">\n<div id=\"col-gm6c9084\" class=\"wp-block-gutentor-m4-col col-gm6c9084 gutentor-single-column  grid-lg-4 grid-md-4 grid-4\"><div id=\"section-gm6c9084\" class=\"section-gm6c9084 gutentor-col-wrap\">\n<div id=\"section-g931f00\" class=\"wp-block-gutentor-e5 section-g931f00 gutentor-element gutentor-element-icon gutentor-icon-default gutentor-enabled-width text-align-center-mobile\"><div class=\"gutentor-element-icon-box\"><i class=\"fas fa-exclamation-triangle\"><\/i><\/div><\/div>\n\n\n\n<p><\/p>\n<\/div><\/div>\n\n\n\n<div id=\"col-gm290379\" class=\"wp-block-gutentor-m4-col col-gm290379 gutentor-single-column  grid-lg-8 grid-md-8 grid-8\"><div id=\"section-gm290379\" class=\"section-gm290379 gutentor-col-wrap\">\n<div id=\"section-gd53e93\" class=\"wp-block-gutentor-e0 section-gd53e93 gutentor-element gutentor-element-advanced-text\"><div class=\"gutentor-text-wrap\"><h3 class=\"gutentor-text\"><br>Programaci\u00f3n segura y con menos riesgos<\/h3><\/div><\/div>\n\n\n\n<div id=\"section-gdb4a78\" class=\"wp-block-gutentor-e0 section-gdb4a78 gutentor-element gutentor-element-advanced-text\"><div class=\"gutentor-text-wrap\"><p class=\"gutentor-text\"><\/p><\/div><\/div>\n<\/div><\/div>\n<\/div><\/div><\/section>\n<\/div><\/div>\n<\/div><\/div><\/section>\n\n\n\n<div style=\"height:55px\" aria-hidden=\"true\" class=\"wp-block-spacer\"><\/div>\n\n\n\n<section id=\"section-ffa523b9-f314-432c-bc9a-aebdfdb1d1ac\" class=\"wp-block-gutentor-about-block gutentor-section gutentor-about about-template1 has-color-bg has-custom-bg wow animated slideInRight\" data-wow-animation=\"slideInRight\" data-wow-delay=\"\" data-wow-speed=\"\" data-wow-iteration=\"1\"><div class=\"grid-container\"><div class=\"gutentor-grid-item-wrap\"><div class=\"gutentor-single-item\"><div class=\"grid-row\"><div class=\"grid-md-6 about-grid\"><div class=\"gutentor-single-item-image-box\"><div class=\"gutentor-image-thumb\"><img class=\"normal-image\" src=\"http:\/\/onwaycr.com\/wp-content\/uploads\/2020\/10\/35330168_1107461319391834_3928052659424067584_o.jpg\" alt=\"\"\/><\/div><\/div><\/div><div class=\"grid-md-6 about-grid\"><div class=\"gutentor-single-item-content\"><div class=\"gutentor-about-content\"><h3 class=\"gutentor-single-item-title\">Nuestra Misi\u00f3n<\/h3><p class=\"gutentor-single-item-desc\">Ser el mejor centro de entrenamiento ofreciendo a nuestros clientes el mejor sistema de trabajo f\u00edsico, un ambiente de calidad, y la atenci\u00f3n necesaria cada vez que entrena con nosotros.<br><br>Ofrecemos el mejor sistema de ejercicios aprendiendo constantemente, practicando e implementando nuevas ideas y metodolog\u00edas que te exigir\u00e1n al m\u00e1ximo.<br><br>Ofrecemos excelente entrenamiento combinando modernas t\u00e9cnicas de fuerza y acondicionamiento comprobadas a trav\u00e9s del tiempo, probadas con ejercicios y movimientos funcionales. <br><br>Buscamos dar la mejor atenci\u00f3n, genuinamente preocup\u00e1ndonos por nuestros clientes, sus necesidades individuales y sus progresos. <\/p><\/div><\/div><\/div><\/div><\/div><\/div><\/div><\/section>\n\n\n\n<section id=\"section-4c5bfd20-08d0-45f8-abad-1d9f72062808\" class=\"wp-block-gutentor-about-block gutentor-section gutentor-about about-template6 has-color-bg has-custom-bg wow animated slideInLeft\" data-wow-animation=\"slideInLeft\" data-wow-delay=\"\" data-wow-speed=\"\" data-wow-iteration=\"1\"><div class=\"grid-container\"><div class=\"gutentor-grid-item-wrap\"><div class=\"gutentor-single-item\"><div class=\"grid-row\"><div class=\"grid-md-6 about-grid\"><div class=\"gutentor-single-item-content\"><div class=\"gutentor-about-content\"><h3 class=\"gutentor-single-item-title\">Nuestra Visi\u00f3n<\/h3><p class=\"gutentor-single-item-desc\">Transformar la vida de las personas a trav\u00e9s de clases a nivel mundial.<br><\/p><\/div><\/div><\/div><div class=\"grid-md-6 about-grid\"><div class=\"gutentor-single-item-image-box\"><div class=\"gutentor-image-thumb\"><img class=\"normal-image\" src=\"http:\/\/onwaycr.com\/wp-content\/uploads\/2020\/10\/WhatsApp-Image-2020-10-07-at-5.05.33-PM-1.jpeg\" alt=\"\"\/><\/div><\/div><\/div><\/div><\/div><\/div><\/div><\/section>\n\n\n\n<section id=\"section-9ae2d811-0aae-4e1a-9335-fdd1025b9b55\" class=\"wp-block-gutentor-about-block gutentor-section gutentor-about about-template1 has-color-bg has-custom-bg wow animated slideInRight\" data-wow-animation=\"slideInRight\" data-wow-delay=\"\" data-wow-speed=\"\" data-wow-iteration=\"1\"><div class=\"grid-container\"><div class=\"gutentor-grid-item-wrap\"><div class=\"gutentor-single-item\"><div class=\"grid-row\"><div class=\"grid-md-6 about-grid\"><div class=\"gutentor-single-item-image-box\"><div class=\"gutentor-image-thumb\"><img class=\"normal-image\" src=\"http:\/\/onwaycr.com\/wp-content\/uploads\/2020\/10\/WhatsApp-Image-2020-10-07-at-5.05.28-PM.jpeg\" alt=\"\"\/><\/div><\/div><\/div><div class=\"grid-md-6 about-grid\"><div class=\"gutentor-single-item-content\"><div class=\"gutentor-about-content\"><h3 class=\"gutentor-single-item-title\">Nuestros Valores<\/h3><p class=\"gutentor-single-item-desc\">*Mentalidad y actitud positiva.<br>*Dar un valor agregado.<br>*Mejora constante y crecimiento personal y profesional.<br>*Valorar el tiempo y la atenci\u00f3n de todos. <br>*Mantener la integridad en todo lo que hacemos. <\/p><\/div><\/div><\/div><\/div><\/div><\/div><\/div><\/section>\n\n\n\n<section id=\"section-bb18fb76-ab82-43bf-b023-abd41936f074\" class=\"wp-block-gutentor-team gutentor-section gutentor-team team-template2 has-image-bg has-custom-bg has-gutentor-overlay wow animated slideInDown\" data-wow-animation=\"slideInDown\" data-wow-delay=\"\" data-wow-speed=\"\" data-wow-iteration=\"1\"><div class=\"grid-container\"><div class=\"gutentor-block-header\"><div class=\"gutentor-section-title enable-title-design seperator-bottom text-center wow animated slideInDown\" data-wow-animation=\"slideInDown\" data-wow-delay=\"\" data-wow-speed=\"\" data-wow-iteration=\"1\"><h1 class=\"gutentor-title\">STAFF<\/h1><\/div><\/div><div class=\"grid-row gutentor-grid-item-wrap wow animated undefined\"><div class=\"gutentor-grid-column grid-lg-6 grid-md-4 grid-12\"><div class=\"gutentor-single-item gutentor-image team-template2 gutentor-single-item-0\"><div class=\"gutentor-template-wrapper\"><div class=\"gutentor-single-item-image-box\"><div class=\"gutentor-image-thumb\"><img class=\"normal-image\" src=\"http:\/\/onwaycr.com\/wp-content\/uploads\/2020\/10\/Captura-de-Pantalla-2020-10-14-a-las-12.02.44.png\" alt=\"\"\/><\/div><\/div><div class=\"gutentor-single-item-content\"><h3 class=\"gutentor-single-item-title\">JEFF<\/h3><p class=\"gutentor-single-item-designation\">HEAD COACH<\/p><p class=\"gutentor-single-item-desc\">Despu\u00e9s de un tiempo sin hacer ejercicio, decid\u00ed inscribirme a un gimnasio en donde me llam\u00f3 la atenci\u00f3n la clase de entrenamiento funcional. Despu\u00e9s de un tiempo entrenando y mejorando la t\u00e9cnica, me inscrib\u00ed a un curso de CrossFit en mayo del 2013. Y a partir de eso todo es historia. <\/p><\/div><\/div><\/div><\/div><div class=\"gutentor-grid-column grid-lg-6 grid-md-4 grid-12\"><div class=\"gutentor-single-item gutentor-image team-template2 gutentor-single-item-1\"><div class=\"gutentor-template-wrapper\"><div class=\"gutentor-single-item-image-box\"><div class=\"gutentor-image-thumb\"><img class=\"normal-image\" src=\"http:\/\/onwaycr.com\/wp-content\/uploads\/2020\/10\/Captura-de-Pantalla-2020-10-14-a-las-12.02.37-e1603497130578.png\" alt=\"\"\/><\/div><\/div><div class=\"gutentor-single-item-content\"><h3 class=\"gutentor-single-item-title\">JESSICA SANDI<\/h3><p class=\"gutentor-single-item-designation\">COACH<\/p><p class=\"gutentor-single-item-desc\"> Inici\u00e9 haciendo  atletismo hace un poco m\u00e1s de 8 a\u00f1os, buscando una forma de complementar para mejorar tiempos conoc\u00ed CrossFit, que en su momento me ayud\u00f3 y logr\u00e9 el objetivo\u2026tanto as\u00ed que decid\u00ed seguir practic\u00e1ndolo.<br>Con competencias internas en el box en el que inici\u00e9, y motivaci\u00f3n para seguir creciendo, me involucr\u00e9 en el aprendizaje de ejercicios con kettlebell y conoc\u00ed sus beneficios.<br>Hace varios a\u00f1os llegu\u00e9 a OnWay d\u00f3nde se me brind\u00f3 la oportunidad de colaborar en recepci\u00f3n, y me capacit\u00e9 con cursos de kettlebell. Realic\u00e9 competencias llegando a quedar en buenos lugares a nivel centroamericano y caribe, segu\u00ed capacit\u00e1ndome con cursos de movimiento humano, ejercicios y c\u00f3mo ayudar a las personas a sentirse mejor y lograr sus objetivos,\u2026eso es lo que ahora brindo en OnWay. Soy coach desde hace ya varios a\u00f1os, formando un equipo de trabajo que se capacita para mejorar y ayudar cada d\u00eda.<\/p><\/div><\/div><\/div><\/div><div class=\"gutentor-grid-column grid-lg-6 grid-md-4 grid-12\"><div class=\"gutentor-single-item gutentor-image team-template2 gutentor-single-item-2\"><div class=\"gutentor-template-wrapper\"><div class=\"gutentor-single-item-image-box\"><div class=\"gutentor-image-thumb\"><img class=\"normal-image\" src=\"http:\/\/onwaycr.com\/wp-content\/uploads\/2020\/10\/WhatsApp-Image-2020-10-21-at-11.02.56-AM-e1603497150685.jpeg\" alt=\"\"\/><\/div><\/div><div class=\"gutentor-single-item-content\"><h3 class=\"gutentor-single-item-title\">STEVEN BARQUERO<\/h3><p class=\"gutentor-single-item-designation\">COACH<\/p><p class=\"gutentor-single-item-desc\">Actualmente curso el \u00faltimo a\u00f1o de educaci\u00f3n f\u00edsica.<br>Empec\u00e9 a hacer crossfit de lleno hace poco m\u00e1s de dos a\u00f1os. Me gusta porque siempre hay forma de progresar y no quedarse estancado. Adem\u00e1s, me gusta la competencia, he asistido a dos compras de Crossfit<br>Desde peque\u00f1o me gustan los deportes, inici\u00e9 con nataci\u00f3n a temprana edad, luego practiqu\u00e9 f\u00fatbol en ligas menores, y atletismo.<br>Hace aproximadamente 5 a\u00f1os empec\u00e9 a hacer ejercicio funcional y Artes Marciales Mixtas; posteriormente conoc\u00ed el crossfit.<\/p><\/div><\/div><\/div><\/div><div class=\"gutentor-grid-column grid-lg-6 grid-md-4 grid-12\"><div class=\"gutentor-single-item gutentor-image team-template2 gutentor-single-item-3\"><div class=\"gutentor-template-wrapper\"><div class=\"gutentor-single-item-image-box\"><div class=\"gutentor-image-thumb\"><img class=\"normal-image\" src=\"http:\/\/onwaycr.com\/wp-content\/uploads\/2020\/11\/WhatsApp-Image-2020-10-14-at-2.54.49-PM-e1604527472417.jpeg\" alt=\"\"\/><\/div><\/div><div class=\"gutentor-single-item-content\"><h3 class=\"gutentor-single-item-title\">Erick Vives<\/h3><p class=\"gutentor-single-item-designation\">COACH<\/p><p class=\"gutentor-single-item-desc\">En la actualidad curso la carrera de Ense\u00f1anza de la Educaci\u00f3n F\u00edsica. Desde ni\u00f1o me ha emocionado la actividad f\u00edsica, he practicado varios deportes a trav\u00e9s del tiempo, buscando d\u00f3nde sentirme c\u00f3modo y feliz, encontrando a mediados del 2016 un deporte llamado Crossfit en donde encontr\u00e9 un segundo hogar. Lo practico hace m\u00e1s de 4 a\u00f1os. Es un deporte que ha exigido de m\u00ed cada instante, incluso a\u00fan sin estar entrenando, ya que todo lo aprendido  lo utilizo para mi vida. Disciplina, constancia, superar miedos e inseguridades, vencer l\u00edmites que tiene mi cuerpo y mi mente, son algunas cosas  que este gran deporte, me ha brindado y ayudado a superar.<\/p><\/div><\/div><\/div><\/div><\/div><\/div><\/section>\n\n\n\n<div style=\"height:100px\" aria-hidden=\"true\" class=\"wp-block-spacer\"><\/div>\n","protected":false},"excerpt":{"rendered":"","protected":false},"author":1,"featured_media":0,"parent":0,"menu_order":0,"comment_status":"closed","ping_status":"closed","template":"template-gutentor-full-width.php","meta":{"spay_email":""},"_links":{"self":[{"href":"https:\/\/onwaycr.com\/index.php?rest_route=\/wp\/v2\/pages\/21"}],"collection":[{"href":"https:\/\/onwaycr.com\/index.php?rest_route=\/wp\/v2\/pages"}],"about":[{"href":"https:\/\/onwaycr.com\/index.php?rest_route=\/wp\/v2\/types\/page"}],"author":[{"embeddable":true,"href":"https:\/\/onwaycr.com\/index.php?rest_route=\/wp\/v2\/users\/1"}],"replies":[{"embeddable":true,"href":"https:\/\/onwaycr.com\/index.php?rest_route=%2Fwp%2Fv2%2Fcomments&post=21"}],"version-history":[{"count":58,"href":"https:\/\/onwaycr.com\/index.php?rest_route=\/wp\/v2\/pages\/21\/revisions"}],"predecessor-version":[{"id":365,"href":"https:\/\/onwaycr.com\/index.php?rest_route=\/wp\/v2\/pages\/21\/revisions\/365"}],"wp:attachment":[{"href":"https:\/\/onwaycr.com\/index.php?rest_route=%2Fwp%2Fv2%2Fmedia&parent=21"}],"curies":[{"name":"wp","href":"https:\/\/api.w.org\/{rel}","templated":true}]}}