{"id":14,"date":"2020-10-06T03:58:46","date_gmt":"2020-10-06T03:58:46","guid":{"rendered":"http:\/\/onwaycr.com\/?page_id=14"},"modified":"2020-11-04T22:27:02","modified_gmt":"2020-11-04T22:27:02","slug":"inicio","status":"publish","type":"page","link":"https:\/\/onwaycr.com\/","title":{"rendered":"Inicio"},"content":{"rendered":"\n<div style=\"height:50px\" aria-hidden=\"true\" class=\"wp-block-spacer\"><\/div>\n\n\n\n<section id=\"section-8873a354-4b6e-4ff1-b82e-bfddcfd4d3e7\" class=\"wp-block-gutentor-image-slider gutentor-section gutentor-image-slider imageSlider-template1\"><div class=\"gutentor-grid-item-wrap\"><div class=\"gutentor-slider-wrapper\" data-dots=\"true\" data-dots-tablet=\"false\" data-dots-mobile=\"false\" data-arrows=\"true\" data-arrows-tablet=\"false\" data-arrows-mobile=\"false\" data-infinite=\"true\" data-nextarrow=\"fas fa-angle-right\" data-prevarrow=\"fas fa-angle-left\" data-autoplay=\"true\" data-autoplayspeed=\"7000\" data-fade=\"false\" data-speed=\"900\"><div class=\"gutentor-slider-item\"><div class=\"gutentor-single-item gutentor-single-item-0\"><div class=\"gutentor-single-item-wrap\"><div class=\"gutentor-single-item-image-box\"><div class=\"gutentor-bg-image\"><\/div><\/div><div class=\"gutentor-single-item-content\"><div class=\"grid-container\"><div class=\"slider-caption text-center\"><h3 class=\"gutentor-single-item-title\"><strong>TRABAJA PERMANENTEMENTE EN TUS METAS<\/strong><\/h3><a class=\"gutentor-button gutentor-single-item-button gutentor-icon-hide\" href=\"http:\/\/onwaycr.com\/?page_id=198\" rel=\"noopener\"><i class=\"gutentor-button-icon fas fa-book\"><\/i><span><strong>AFILIARME<\/strong><\/span><\/a><\/div><\/div><\/div><\/div><\/div><\/div><div class=\"gutentor-slider-item\"><div class=\"gutentor-single-item gutentor-single-item-1\"><div class=\"gutentor-single-item-wrap\"><div class=\"gutentor-single-item-image-box\"><div class=\"gutentor-bg-image\"><\/div><\/div><div class=\"gutentor-single-item-content\"><div class=\"grid-container\"><div class=\"slider-caption text-center\"><h3 class=\"gutentor-single-item-title\"><br><br><br><\/h3><a class=\"gutentor-button gutentor-single-item-button gutentor-icon-hide\" href=\"http:\/\/onwaycr.com\/?page_id=23\" rel=\"noopener\"><i class=\"gutentor-button-icon fas fa-book\"><\/i><span><strong>HORARIOS<\/strong><\/span><\/a><\/div><\/div><\/div><\/div><\/div><\/div><\/div><\/div><\/section>\n\n\n\n<div id=\"section-7acf4a83-fd0e-4ad9-be34-1cd44c8123f9\" class=\"wp-block-gutentor-gallery alignfull gutentor-section gutentor-gallery gutentor-gallery-wrapper gallery-template2\"><div class=\"grid-container gutentor-rm-ct-space\"><div class=\"grid-row gutentor-grid-item-wrap full-width-row gutentor-rm-row-space\"><div class=\"gutentor-gallery-item grid-lg-6 grid-md-4 grid-12 gutentor-rm-col-space\"><div class=\"gutentor-single-item gutentor-image gutentor-single-item-0\"><div class=\"gutentor-gallery-item-wrap\"><div class=\"gutentor-single-item-image-box\"><div class=\"gutentor-image-thumb\"><img class=\"normal-image\" src=\"http:\/\/onwaycr.com\/wp-content\/uploads\/2020\/11\/WhatsApp-Image-2020-11-04-at-1.02.30-PM-e1604528649914.jpeg\" alt=\"\"\/><div class=\"overlay\"><\/div><\/div><\/div><div class=\"gutentor-single-item-content\"><div class=\"gutentor-gallery-item-header\"><h4 class=\"gutentor-single-item-title\">Nuestras instalaciones<\/h4><a href=\"http:\/\/onwaycr.com\/wp-content\/uploads\/2020\/11\/WhatsApp-Image-2020-11-04-at-1.02.30-PM-e1604528649914.jpeg\" class=\"image-gallery\"><i class=\"gallery-icon fas fa-dumbbell\"><\/i><\/a><\/div><div class=\"gutentor-gallery-item-desc\"><\/div><\/div><\/div><\/div><\/div><div class=\"gutentor-gallery-item grid-lg-6 grid-md-4 grid-12 gutentor-rm-col-space\"><div class=\"gutentor-single-item gutentor-image gutentor-single-item-1\"><div class=\"gutentor-gallery-item-wrap\"><div class=\"gutentor-single-item-image-box\"><div class=\"gutentor-image-thumb\"><img class=\"normal-image\" src=\"http:\/\/onwaycr.com\/wp-content\/uploads\/2020\/10\/65183713_1420039744800655_7025346532270407680_o-1-e1604528803152.jpg\" alt=\"\"\/><div class=\"overlay\"><\/div><\/div><\/div><div class=\"gutentor-single-item-content\"><div class=\"gutentor-gallery-item-header\"><h4 class=\"gutentor-single-item-title\"><\/h4><a href=\"http:\/\/onwaycr.com\/wp-content\/uploads\/2020\/10\/65183713_1420039744800655_7025346532270407680_o-1-e1604528803152.jpg\" class=\"image-gallery\"><i class=\"gallery-icon fas fa-dumbbell\"><\/i><\/a><\/div><div class=\"gutentor-gallery-item-desc\"><\/div><\/div><\/div><\/div><\/div><\/div><\/div><\/div>\n\n\n\n<section id=\"section-cc5bf9c6-f1f3-4dd8-bb99-9bb83c280dae\" class=\"wp-block-gutentor-advanced-columns gutentor-section gutentor-advanced-columns has-color-bg has-custom-bg\"><div class=\"grid-container\"><div class=\"grid-row\">\n<div id=\"section-adcb95b1-62e7-43fe-a5a5-1f4ced89b431\" class=\"wp-block-gutentor-single-column gutentor-single-column  grid-lg-12 grid-md-12 grid-12\">\n<section id=\"section-225d47d9-3ec4-4768-8da9-b6629f0d4ed4\" class=\"wp-block-gutentor-content-box gutentor-section gutentor-content-box-wrapper content-template1\"><div class=\"grid-container gutentor-rm-ct-space\"><div class=\"grid-row gutentor-grid-item-wrap gutentor-rm-row-space\"><div class=\"gutentor-grid-column grid-lg-12 grid-md-12 grid-12 gutentor-rm-col-space\"><div class=\"gutentor-single-item gutentor-single-item-0\"><div class=\"gutentor-single-item-wrap\"><div class=\"gutentor-single-item-content\"><h3 class=\"gutentor-single-item-title\">&#8220;SI NO TE RETA, NO TE CAMBIA.&#8221;<\/h3><\/div><\/div><\/div><\/div><\/div><\/div><\/section>\n\n\n\n<p><\/p>\n<\/div>\n<\/div><\/div><\/section>\n\n\n\n<section id=\"section-be03992c-fab3-4eef-be3d-9a6e97a0d097\" class=\"wp-block-gutentor-about-block gutentor-section gutentor-about about-template2 has-color-bg has-custom-bg\"><div class=\"grid-container\"><div class=\"gutentor-grid-item-wrap\"><div class=\"gutentor-single-item\"><div class=\"grid-row\"><div class=\"grid-md-6 about-grid\"><div class=\"gutentor-single-item-image-box\"><div class=\"gutentor-image-thumb\"><img class=\"normal-image\" src=\"http:\/\/onwaycr.com\/wp-content\/uploads\/2020\/10\/WhatsApp-Image-2020-10-07-at-5.06.04-PM.jpeg\" alt=\"\"\/><\/div><\/div><\/div><div class=\"grid-md-6 about-grid\"><div class=\"gutentor-single-item-content\"><div class=\"gutentor-about-content\"><h3 class=\"gutentor-single-item-title\">PROGRAMAS<\/h3><p class=\"gutentor-single-item-desc\">Contamos con una amplia variedad de ejercicios para que pod\u00e1s escoger tu favorito.<br><br>&#8211; Basics<br>&#8211; Metcon<br>&#8211; Performance<br>&#8211; Fitness<br>   <\/p><a class=\"gutentor-button gutentor-single-item-button gutentor-icon-after\" href=\"http:\/\/onwaycr.com\/?page_id=25\"><i class=\"gutentor-button-icon fas fa-chevron-right\"><\/i><span>Conocer programas<\/span><\/a><\/div><\/div><\/div><\/div><\/div><\/div><\/div><\/section>\n\n\n\n<section id=\"section-bbc52199-0d14-494c-a160-87f12e062433\" class=\"wp-block-gutentor-image-slider gutentor-section gutentor-image-slider imageSlider-template1\"><div class=\"gutentor-grid-item-wrap\"><div class=\"gutentor-slider-wrapper\" data-dots=\"true\" data-dots-tablet=\"false\" data-dots-mobile=\"false\" data-arrows=\"true\" data-arrows-tablet=\"false\" data-arrows-mobile=\"false\" data-infinite=\"false\" data-nextarrow=\"fas fa-angle-right\" data-prevarrow=\"fas fa-angle-left\" data-autoplay=\"true\" data-autoplayspeed=\"7000\" data-fade=\"false\" data-speed=\"900\"><div class=\"gutentor-slider-item\"><div class=\"gutentor-single-item gutentor-single-item-0\"><div class=\"gutentor-single-item-wrap\"><div class=\"gutentor-single-item-image-box\"><div class=\"gutentor-bg-image\"><div class=\"overlay\"><\/div><\/div><\/div><div class=\"gutentor-single-item-content\"><div class=\"grid-container\"><div class=\"slider-caption text-center\"><h3 class=\"gutentor-single-item-title\">HISTORIAS DE \u00c9XITO<\/h3><p class=\"gutentor-single-item-desc\">\u201cOnWay me ha permitido adquirir un nuevo estado de consciencia acerca de mi capacidad mental y f\u00edsica, en esta etapa corta, tan s\u00f3lo de seis meses, he logrado mejorar no s\u00f3lo mi acondicionamiento f\u00edsico sino sobretodo mi fortaleza mental, que considero que es la parte m\u00e1s dif\u00edcil, para muestra de lo anterior, uno de los grandes cambios ha sido cumplir 109 d\u00edas sin fumar, sin ning\u00fan sustituto , luego de tener tan da\u00f1ino h\u00e1bito por varios a\u00f1os atr\u00e1s.\u201d -Roberto, atleta.<br><br>&#8220;Practicamos triatl\u00f3n hace aproximadamente 5 a\u00f1os, siempre escuch\u00e1bamos sobre beneficios que ten\u00eda el entrenamiento funcional para los atletas, pero no fue hasta que nos acercamos a OnWay.&#8221; -Isac y Andrea.<\/p><\/div><\/div><\/div><\/div><\/div><\/div><div class=\"gutentor-slider-item\"><div class=\"gutentor-single-item gutentor-single-item-1\"><div class=\"gutentor-single-item-wrap\"><div class=\"gutentor-single-item-image-box\"><div class=\"gutentor-bg-image\"><div class=\"overlay\"><\/div><\/div><\/div><div class=\"gutentor-single-item-content\"><div class=\"grid-container\"><div class=\"slider-caption text-center\"><h3 class=\"gutentor-single-item-title\"><\/h3><p class=\"gutentor-single-item-desc\">&#8220;Ha sido una experiencia incre\u00edble, en donde el reto es d\u00eda a d\u00eda superarme a mi mismo, siempre contando con el profesionalismo de los coach\u2019s. Es una disciplina en donde he notado que el cambio ha sido tanto f\u00edsico como mental.<br>OnWay se ha convertido en una pasi\u00f3n la cual quiero seguir aprendiendo todos los d\u00edas.&#8221; &#8211; Marlon. <br><br>\u201cOnWay me ha ense\u00f1ado a no rendirme y que la motivaci\u00f3n tambi\u00e9n implica un esfuerzo, no solo en los entrenamientos sino en la vida\u201d<\/p><\/div><\/div><\/div><\/div><\/div><\/div><\/div><\/div><\/section>\n\n\n\n<div style=\"height:100px\" aria-hidden=\"true\" class=\"wp-block-spacer\"><\/div>\n","protected":false},"excerpt":{"rendered":"","protected":false},"author":1,"featured_media":0,"parent":0,"menu_order":0,"comment_status":"closed","ping_status":"closed","template":"template-gutentor-full-width.php","meta":{"spay_email":""},"_links":{"self":[{"href":"https:\/\/onwaycr.com\/index.php?rest_route=\/wp\/v2\/pages\/14"}],"collection":[{"href":"https:\/\/onwaycr.com\/index.php?rest_route=\/wp\/v2\/pages"}],"about":[{"href":"https:\/\/onwaycr.com\/index.php?rest_route=\/wp\/v2\/types\/page"}],"author":[{"embeddable":true,"href":"https:\/\/onwaycr.com\/index.php?rest_route=\/wp\/v2\/users\/1"}],"replies":[{"embeddable":true,"href":"https:\/\/onwaycr.com\/index.php?rest_route=%2Fwp%2Fv2%2Fcomments&post=14"}],"version-history":[{"count":69,"href":"https:\/\/onwaycr.com\/index.php?rest_route=\/wp\/v2\/pages\/14\/revisions"}],"predecessor-version":[{"id":350,"href":"https:\/\/onwaycr.com\/index.php?rest_route=\/wp\/v2\/pages\/14\/revisions\/350"}],"wp:attachment":[{"href":"https:\/\/onwaycr.com\/index.php?rest_route=%2Fwp%2Fv2%2Fmedia&parent=14"}],"curies":[{"name":"wp","href":"https:\/\/api.w.org\/{rel}","templated":true}]}}